{"id":89,"date":"2022-09-27T12:26:42","date_gmt":"2022-09-27T15:26:42","guid":{"rendered":"https:\/\/estudiogayanituronmolina.com\/?page_id=89"},"modified":"2023-02-06T10:45:58","modified_gmt":"2023-02-06T13:45:58","slug":"area-de-practicas","status":"publish","type":"page","link":"https:\/\/estudiogayanituronmolina.com\/index.php\/area-de-practicas\/","title":{"rendered":"\u00c1rea de practicas"},"content":{"rendered":"<p>[et_pb_section fb_built=&#8221;1&#8243; admin_label=&#8221;Page Title Section&#8221; _builder_version=&#8221;4.16&#8243; use_background_color_gradient=&#8221;on&#8221; background_color_gradient_stops=&#8221;#313e47 0%|rgba(49,62,71,0.5) 100%&#8221; background_color_gradient_overlays_image=&#8221;on&#8221; background_color_gradient_start=&#8221;#313e47&#8243; background_color_gradient_end=&#8221;rgba(49,62,71,0.5)&#8221; background_image=&#8221;http:\/\/estudiogayanituronmolina.com\/wp-content\/uploads\/2022\/09\/law-firm-28.jpg&#8221; min_height=&#8221;455px&#8221; custom_padding=&#8221;120px||120px|&#8221; global_colors_info=&#8221;{}&#8221;][et_pb_row admin_label=&#8221;Page Title Area&#8221; _builder_version=&#8221;4.16&#8243; background_size=&#8221;initial&#8221; background_position=&#8221;top_left&#8221; background_repeat=&#8221;repeat&#8221; global_colors_info=&#8221;{}&#8221;][et_pb_column type=&#8221;4_4&#8243; _builder_version=&#8221;4.16&#8243; custom_padding=&#8221;|||&#8221; global_colors_info=&#8221;{}&#8221; custom_padding__hover=&#8221;|||&#8221;][et_pb_text admin_label=&#8221;Page Title&#8221; _builder_version=&#8221;4.16&#8243; text_font=&#8221;||||||||&#8221; text_text_color=&#8221;#ffffff&#8221; text_font_size=&#8221;18px&#8221; text_line_height=&#8221;2em&#8221; header_font=&#8221;Prata||||||||&#8221; header_font_size=&#8221;60px&#8221; header_line_height=&#8221;1.6em&#8221; text_orientation=&#8221;center&#8221; background_layout=&#8221;dark&#8221; max_width=&#8221;700px&#8221; module_alignment=&#8221;center&#8221; custom_margin=&#8221;||10px|&#8221; custom_padding=&#8221;||2px|||&#8221; animation_style=&#8221;fade&#8221; header_font_size_tablet=&#8221;40px&#8221; header_font_size_phone=&#8221;&#8221; header_font_size_last_edited=&#8221;on|desktop&#8221; global_colors_info=&#8221;{}&#8221;]<\/p>\n<h1>\u00c1rea de practicas\u00a0<\/h1>\n<p>&nbsp;<\/p>\n<p>[\/et_pb_text][\/et_pb_column][\/et_pb_row][\/et_pb_section][et_pb_section fb_built=&#8221;1&#8243; admin_label=&#8221;Project Section 01&#8243; _builder_version=&#8221;4.16&#8243; custom_padding=&#8221;|||&#8221; border_color_all=&#8221;#3b4147&#8243; border_width_left=&#8221;8vw&#8221; global_colors_info=&#8221;{}&#8221;][et_pb_row column_structure=&#8221;1_2,1_2&#8243; admin_label=&#8221;Project Area 01&#8243; module_class=&#8221; et_pb_row_fullwidth&#8221; _builder_version=&#8221;4.16&#8243; width=&#8221;89%&#8221; width_tablet=&#8221;80%&#8221; width_phone=&#8221;80%&#8221; width_last_edited=&#8221;on|desktop&#8221; max_width=&#8221;89%&#8221; max_width_tablet=&#8221;80%&#8221; max_width_phone=&#8221;80%&#8221; max_width_last_edited=&#8221;on|desktop&#8221; make_fullwidth=&#8221;on&#8221; global_colors_info=&#8221;{}&#8221;][et_pb_column type=&#8221;1_2&#8243; _builder_version=&#8221;4.16&#8243; custom_padding=&#8221;|||&#8221; global_colors_info=&#8221;{}&#8221; custom_padding__hover=&#8221;|||&#8221;][et_pb_text admin_label=&#8221;Title&#8221; _builder_version=&#8221;4.18.0&#8243; text_font=&#8221;||||||||&#8221; header_font=&#8221;||||||||&#8221; header_2_font=&#8221;Prata||||||||&#8221; header_2_font_size=&#8221;36px&#8221; header_2_line_height=&#8221;1.6em&#8221; custom_margin=&#8221;||10px|&#8221; animation_style=&#8221;slide&#8221; animation_direction=&#8221;top&#8221; animation_intensity_slide=&#8221;5%&#8221; animation_starting_opacity=&#8221;100%&#8221; global_colors_info=&#8221;{}&#8221;]<\/p>\n<h2>Derecho Laboral<\/h2>\n<p>[\/et_pb_text][et_pb_divider color=&#8221;#ffa40d&#8221; divider_position=&#8221;center&#8221; divider_weight=&#8221;3px&#8221; _builder_version=&#8221;4.16&#8243; max_width=&#8221;70px&#8221; animation_style=&#8221;slide&#8221; animation_direction=&#8221;top&#8221; animation_intensity_slide=&#8221;10%&#8221; animation_starting_opacity=&#8221;100%&#8221; global_colors_info=&#8221;{}&#8221;][\/et_pb_divider][et_pb_text _builder_version=&#8221;4.16&#8243; text_font=&#8221;||||||||&#8221; text_font_size=&#8221;16px&#8221; text_line_height=&#8221;2em&#8221; animation_style=&#8221;fade&#8221; global_colors_info=&#8221;{}&#8221;]<\/p>\n<p><span>Brindamos servicios altamente especializados en Derecho Laboral. Asistimos a nuestros clientes, sean empresas o personas humanas, en todos los aspectos que hacen al Derecho del Trabajo brindando asesoramiento preventivo y eficaz, gestionando distintos niveles de negociaci\u00f3n y mediante la representaci\u00f3n procesal en materia contenciosa (litigios) priorizando la b\u00fasqueda de soluciones al conflicto laboral sin dejar de atender la justicia del caso<\/span><\/p>\n<p>[\/et_pb_text][\/et_pb_column][et_pb_column type=&#8221;1_2&#8243; _builder_version=&#8221;4.16&#8243; custom_padding=&#8221;|||&#8221; global_colors_info=&#8221;{}&#8221; custom_padding__hover=&#8221;|||&#8221;][et_pb_text admin_label=&#8221;Title&#8221; _builder_version=&#8221;4.18.0&#8243; text_font=&#8221;||||||||&#8221; header_font=&#8221;||||||||&#8221; header_2_font=&#8221;Prata||||||||&#8221; header_2_font_size=&#8221;36px&#8221; header_2_line_height=&#8221;1.6em&#8221; custom_margin=&#8221;||10px|&#8221; animation_style=&#8221;slide&#8221; animation_direction=&#8221;top&#8221; animation_intensity_slide=&#8221;5%&#8221; animation_starting_opacity=&#8221;100%&#8221; locked=&#8221;off&#8221; global_colors_info=&#8221;{}&#8221;]<\/p>\n<h2>Derecho Civil\u00a0\u00a0<\/h2>\n<p>[\/et_pb_text][et_pb_divider color=&#8221;#ffa40d&#8221; divider_position=&#8221;center&#8221; divider_weight=&#8221;3px&#8221; _builder_version=&#8221;4.16&#8243; max_width=&#8221;70px&#8221; animation_style=&#8221;slide&#8221; animation_direction=&#8221;top&#8221; animation_intensity_slide=&#8221;10%&#8221; animation_starting_opacity=&#8221;100%&#8221; locked=&#8221;off&#8221; global_colors_info=&#8221;{}&#8221;][\/et_pb_divider][et_pb_text _builder_version=&#8221;4.18.0&#8243; text_font=&#8221;||||||||&#8221; text_font_size=&#8221;16px&#8221; text_line_height=&#8221;2em&#8221; animation_style=&#8221;fade&#8221; locked=&#8221;off&#8221; global_colors_info=&#8221;{}&#8221;]<\/p>\n<p><span>Asesor\u00eda jur\u00eddica en general en actos y negocios jur\u00eddicos. Contratos. Compraventas, locaciones, fianzas, pr\u00e9stamos, actos de \u00faltima voluntad, planificaci\u00f3n familiar, sucesiones. Derecho del Consumidor y de la Empresa. \u00a0Derechos y controversias sobre inmuebles: \u00a0desalojos,\u00a0 recupero de bienes, escrituraciones, usucapiones. Automotores, derechos sobre la propiedad intelectual e industrial. Derecho Fiscal.<\/span><\/p>\n<p>[\/et_pb_text][\/et_pb_column][\/et_pb_row][\/et_pb_section][et_pb_section fb_built=&#8221;1&#8243; admin_label=&#8221;Project Section 01&#8243; _builder_version=&#8221;4.16&#8243; background_color=&#8221;#f7f7f7&#8243; custom_padding=&#8221;|||&#8221; border_color_all=&#8221;#545f66&#8243; border_width_left=&#8221;8vw&#8221; global_colors_info=&#8221;{}&#8221;][et_pb_row column_structure=&#8221;1_2,1_2&#8243; admin_label=&#8221;Project Area 01&#8243; module_class=&#8221; et_pb_row_fullwidth&#8221; _builder_version=&#8221;4.16&#8243; width=&#8221;89%&#8221; width_tablet=&#8221;80%&#8221; width_phone=&#8221;80%&#8221; width_last_edited=&#8221;on|desktop&#8221; max_width=&#8221;89%&#8221; max_width_tablet=&#8221;80%&#8221; max_width_phone=&#8221;80%&#8221; max_width_last_edited=&#8221;on|desktop&#8221; make_fullwidth=&#8221;on&#8221; global_colors_info=&#8221;{}&#8221;][et_pb_column type=&#8221;1_2&#8243; _builder_version=&#8221;4.16&#8243; custom_padding=&#8221;|||&#8221; global_colors_info=&#8221;{}&#8221; custom_padding__hover=&#8221;|||&#8221;][et_pb_text admin_label=&#8221;Title&#8221; _builder_version=&#8221;4.18.0&#8243; text_font=&#8221;||||||||&#8221; header_font=&#8221;||||||||&#8221; header_2_font=&#8221;Prata||||||||&#8221; header_2_font_size=&#8221;36px&#8221; header_2_line_height=&#8221;1.6em&#8221; custom_margin=&#8221;||10px|&#8221; animation_style=&#8221;slide&#8221; animation_direction=&#8221;top&#8221; animation_intensity_slide=&#8221;5%&#8221; animation_starting_opacity=&#8221;100%&#8221; global_colors_info=&#8221;{}&#8221;]<\/p>\n<h2>Da\u00f1os y Perjuicios<\/h2>\n<p>[\/et_pb_text][et_pb_divider color=&#8221;#ffa40d&#8221; divider_position=&#8221;center&#8221; divider_weight=&#8221;3px&#8221; _builder_version=&#8221;4.16&#8243; max_width=&#8221;70px&#8221; animation_style=&#8221;slide&#8221; animation_direction=&#8221;top&#8221; animation_intensity_slide=&#8221;10%&#8221; animation_starting_opacity=&#8221;100%&#8221; global_colors_info=&#8221;{}&#8221;][\/et_pb_divider][et_pb_text _builder_version=&#8221;4.18.0&#8243; text_font=&#8221;||||||||&#8221; text_font_size=&#8221;16px&#8221; text_line_height=&#8221;2em&#8221; animation_style=&#8221;fade&#8221; global_colors_info=&#8221;{}&#8221;]<\/p>\n<p><span>Accidentes en general, incumplimiento contractual, responsabilidades profesionales, malas praxis, responsabilidad del Estado y de las empresas. Reclamos contra\u00a0las Aseguradoras de Riesgo de Trabajo (A.R.T.)\u00a0<\/span><\/p>\n<p>[\/et_pb_text][\/et_pb_column][et_pb_column type=&#8221;1_2&#8243; _builder_version=&#8221;4.16&#8243; custom_padding=&#8221;|||&#8221; global_colors_info=&#8221;{}&#8221; custom_padding__hover=&#8221;|||&#8221;][et_pb_text admin_label=&#8221;Title&#8221; _builder_version=&#8221;4.18.0&#8243; text_font=&#8221;||||||||&#8221; header_font=&#8221;||||||||&#8221; header_2_font=&#8221;Prata||||||||&#8221; header_2_font_size=&#8221;36px&#8221; header_2_line_height=&#8221;1.6em&#8221; custom_margin=&#8221;||10px|&#8221; animation_style=&#8221;slide&#8221; animation_direction=&#8221;top&#8221; animation_intensity_slide=&#8221;5%&#8221; animation_starting_opacity=&#8221;100%&#8221; locked=&#8221;off&#8221; global_colors_info=&#8221;{}&#8221;]<\/p>\n<h2>Derecho de Familia<\/h2>\n<p>[\/et_pb_text][et_pb_divider color=&#8221;#ffa40d&#8221; divider_position=&#8221;center&#8221; divider_weight=&#8221;3px&#8221; _builder_version=&#8221;4.16&#8243; max_width=&#8221;70px&#8221; animation_style=&#8221;slide&#8221; animation_direction=&#8221;top&#8221; animation_intensity_slide=&#8221;10%&#8221; animation_starting_opacity=&#8221;100%&#8221; locked=&#8221;off&#8221; global_colors_info=&#8221;{}&#8221;][\/et_pb_divider][et_pb_text _builder_version=&#8221;4.18.0&#8243; text_font=&#8221;||||||||&#8221; text_font_size=&#8221;16px&#8221; text_line_height=&#8221;2em&#8221; animation_style=&#8221;fade&#8221; locked=&#8221;off&#8221; global_colors_info=&#8221;{}&#8221;]<\/p>\n<p><span>Experiencia en todo tipo de casos relativos al derecho de familia. Divorcio. Uniones convivenciales. Filiaci\u00f3n. Adopci\u00f3n. Cuidado personal. Comunicaci\u00f3n con los hijos. Plan de parentalidad. Extinci\u00f3n, privaci\u00f3n, suspensi\u00f3n y rehabilitaci\u00f3n de la responsabilidad parental.<\/span><\/p>\n<p>[\/et_pb_text][\/et_pb_column][\/et_pb_row][\/et_pb_section][et_pb_section fb_built=&#8221;1&#8243; admin_label=&#8221;Project Section 01&#8243; _builder_version=&#8221;4.18.0&#8243; background_color=&#8221;#FFFFFF&#8221; custom_padding=&#8221;|||&#8221; border_color_all=&#8221;#545f66&#8243; border_width_left=&#8221;8vw&#8221; global_colors_info=&#8221;{}&#8221;][et_pb_row column_structure=&#8221;1_2,1_2&#8243; admin_label=&#8221;Project Area 01&#8243; module_class=&#8221; et_pb_row_fullwidth&#8221; _builder_version=&#8221;4.18.0&#8243; width=&#8221;89%&#8221; width_tablet=&#8221;80%&#8221; width_phone=&#8221;80%&#8221; width_last_edited=&#8221;on|desktop&#8221; max_width=&#8221;89%&#8221; max_width_tablet=&#8221;80%&#8221; max_width_phone=&#8221;80%&#8221; max_width_last_edited=&#8221;on|desktop&#8221; make_fullwidth=&#8221;on&#8221; global_colors_info=&#8221;{}&#8221;][et_pb_column type=&#8221;1_2&#8243; _builder_version=&#8221;4.16&#8243; custom_padding=&#8221;|||&#8221; global_colors_info=&#8221;{}&#8221; custom_padding__hover=&#8221;|||&#8221;][et_pb_text admin_label=&#8221;Title&#8221; _builder_version=&#8221;4.18.0&#8243; text_font=&#8221;||||||||&#8221; header_font=&#8221;||||||||&#8221; header_2_font=&#8221;Prata||||||||&#8221; header_2_font_size=&#8221;36px&#8221; header_2_line_height=&#8221;1.6em&#8221; custom_margin=&#8221;||10px|&#8221; animation_style=&#8221;slide&#8221; animation_direction=&#8221;top&#8221; animation_intensity_slide=&#8221;5%&#8221; animation_starting_opacity=&#8221;100%&#8221; global_colors_info=&#8221;{}&#8221;]<\/p>\n<h2>Sucesiones<\/h2>\n<p>[\/et_pb_text][et_pb_divider color=&#8221;#ffa40d&#8221; divider_position=&#8221;center&#8221; divider_weight=&#8221;3px&#8221; _builder_version=&#8221;4.16&#8243; max_width=&#8221;70px&#8221; animation_style=&#8221;slide&#8221; animation_direction=&#8221;top&#8221; animation_intensity_slide=&#8221;10%&#8221; animation_starting_opacity=&#8221;100%&#8221; global_colors_info=&#8221;{}&#8221;][\/et_pb_divider][et_pb_text _builder_version=&#8221;4.18.0&#8243; text_font=&#8221;||||||||&#8221; text_font_size=&#8221;16px&#8221; text_line_height=&#8221;2em&#8221; animation_style=&#8221;fade&#8221; global_colors_info=&#8221;{}&#8221;]<\/p>\n<p><span>Inicie su tramite sucesorio con nosotros, somos abogados especialistas, honorarios accesibles y competitivos, consulte ahora mismo, respondemos en el acto, estamos para asesorarlo. Atenci\u00f3n personalizada, consulta sin cargo.<\/span><\/p>\n<p>[\/et_pb_text][\/et_pb_column][et_pb_column type=&#8221;1_2&#8243; _builder_version=&#8221;4.16&#8243; custom_padding=&#8221;|||&#8221; global_colors_info=&#8221;{}&#8221; custom_padding__hover=&#8221;|||&#8221;][et_pb_text admin_label=&#8221;Title&#8221; _builder_version=&#8221;4.18.0&#8243; text_font=&#8221;||||||||&#8221; header_font=&#8221;||||||||&#8221; header_2_font=&#8221;Prata||||||||&#8221; header_2_font_size=&#8221;36px&#8221; header_2_line_height=&#8221;1.6em&#8221; custom_margin=&#8221;||10px|&#8221; animation_style=&#8221;slide&#8221; animation_direction=&#8221;top&#8221; animation_intensity_slide=&#8221;5%&#8221; animation_starting_opacity=&#8221;100%&#8221; locked=&#8221;off&#8221; global_colors_info=&#8221;{}&#8221;]<\/p>\n<h2>Accidente de Trabajo<\/h2>\n<p>[\/et_pb_text][et_pb_divider color=&#8221;#ffa40d&#8221; divider_position=&#8221;center&#8221; divider_weight=&#8221;3px&#8221; _builder_version=&#8221;4.16&#8243; max_width=&#8221;70px&#8221; animation_style=&#8221;slide&#8221; animation_direction=&#8221;top&#8221; animation_intensity_slide=&#8221;10%&#8221; animation_starting_opacity=&#8221;100%&#8221; locked=&#8221;off&#8221; global_colors_info=&#8221;{}&#8221;][\/et_pb_divider][et_pb_text _builder_version=&#8221;4.18.0&#8243; text_font=&#8221;||||||||&#8221; text_font_size=&#8221;16px&#8221; text_line_height=&#8221;2em&#8221; animation_style=&#8221;fade&#8221; locked=&#8221;off&#8221; global_colors_info=&#8221;{}&#8221;]<\/p>\n<p><span>Somos abogados especializados en Accidentes de Trabajo con m\u00e1s de 15 a\u00f1os de trayectoria profesional en la Ciudad de Azul. Poseemos una amplia experiencia en reclamos contra las Asegurados de Riesgos de Trabajo, tanto ante la Superintendencia de Riesgos de Trabajo, como ante la Justicia Laboral. Adem\u00e1s contamos con el apoyo de m\u00e9dicos legistas a efectos de determinar el real grado de incapacidad, y de esta manera obtener el cobro de las indemnizaciones justas.<\/span><\/p>\n<p>[\/et_pb_text][\/et_pb_column][\/et_pb_row][\/et_pb_section][et_pb_section fb_built=&#8221;1&#8243; admin_label=&#8221;Project Section 01&#8243; _builder_version=&#8221;4.16&#8243; custom_padding=&#8221;|||&#8221; border_color_right=&#8221;#ffba60&#8243; border_width_left=&#8221;8vw&#8221; border_color_left=&#8221;#ffba60&#8243; locked=&#8221;off&#8221; global_colors_info=&#8221;{}&#8221;][\/et_pb_section][et_pb_section fb_built=&#8221;1&#8243; admin_label=&#8221;Request Appoinment Section&#8221; _builder_version=&#8221;4.18.0&#8243; background_image=&#8221;http:\/\/estudiogayanituronmolina.com\/wp-content\/uploads\/2022\/09\/4.jpg&#8221; parallax=&#8221;on&#8221; width=&#8221;100%&#8221; custom_margin=&#8221;|-66px||||&#8221; custom_padding=&#8221;180px|0px|0px|||&#8221; border_color_all=&#8221;#3b4147&#8243; border_width_right=&#8221;8vw&#8221; global_colors_info=&#8221;{}&#8221;][\/et_pb_section]<\/p>\n","protected":false},"excerpt":{"rendered":"<p>\u00c1rea de practicas\u00a0 &nbsp;Derecho LaboralBrindamos servicios altamente especializados en Derecho Laboral. Asistimos a nuestros clientes, sean empresas o personas humanas, en todos los aspectos que hacen al Derecho del Trabajo brindando asesoramiento preventivo y eficaz, gestionando distintos niveles de negociaci\u00f3n y mediante la representaci\u00f3n procesal en materia contenciosa (litigios) priorizando la b\u00fasqueda de soluciones al [&hellip;]<\/p>\n","protected":false},"author":1,"featured_media":0,"parent":0,"menu_order":0,"comment_status":"closed","ping_status":"closed","template":"","meta":{"_et_pb_use_builder":"on","_et_pb_old_content":"","_et_gb_content_width":"","om_disable_all_campaigns":false,"_mi_skip_tracking":false},"yoast_head":"<!-- This site is optimized with the Yoast SEO plugin v21.1 - https:\/\/yoast.com\/wordpress\/plugins\/seo\/ -->\n<title>\u00c1rea de practicas - Estudio Gayani &amp; Turon Molina<\/title>\n<meta name=\"robots\" content=\"index, follow, max-snippet:-1, max-image-preview:large, max-video-preview:-1\" \/>\n<link rel=\"canonical\" href=\"https:\/\/estudiogayanituronmolina.com\/index.php\/area-de-practicas\/\" \/>\n<meta property=\"og:locale\" content=\"es_ES\" \/>\n<meta property=\"og:type\" content=\"article\" \/>\n<meta property=\"og:title\" content=\"\u00c1rea de practicas - Estudio Gayani &amp; Turon Molina\" \/>\n<meta property=\"og:description\" content=\"\u00c1rea de practicas\u00a0 &nbsp;Derecho LaboralBrindamos servicios altamente especializados en Derecho Laboral. Asistimos a nuestros clientes, sean empresas o personas humanas, en todos los aspectos que hacen al Derecho del Trabajo brindando asesoramiento preventivo y eficaz, gestionando distintos niveles de negociaci\u00f3n y mediante la representaci\u00f3n procesal en materia contenciosa (litigios) priorizando la b\u00fasqueda de soluciones al [&hellip;]\" \/>\n<meta property=\"og:url\" content=\"https:\/\/estudiogayanituronmolina.com\/index.php\/area-de-practicas\/\" \/>\n<meta property=\"og:site_name\" content=\"Estudio Gayani &amp; Turon Molina\" \/>\n<meta property=\"article:modified_time\" content=\"2023-02-06T13:45:58+00:00\" \/>\n<meta property=\"og:image\" content=\"https:\/\/estudiogayanituronmolina.com\/wp-content\/uploads\/2023\/02\/socios.jpg\" \/>\n\t<meta property=\"og:image:width\" content=\"1600\" \/>\n\t<meta property=\"og:image:height\" content=\"1200\" \/>\n\t<meta property=\"og:image:type\" content=\"image\/jpeg\" \/>\n<meta name=\"twitter:card\" content=\"summary_large_image\" \/>\n<script type=\"application\/ld+json\" class=\"yoast-schema-graph\">{\"@context\":\"https:\/\/schema.org\",\"@graph\":[{\"@type\":\"WebPage\",\"@id\":\"https:\/\/estudiogayanituronmolina.com\/index.php\/area-de-practicas\/\",\"url\":\"https:\/\/estudiogayanituronmolina.com\/index.php\/area-de-practicas\/\",\"name\":\"\u00c1rea de practicas - Estudio Gayani &amp; Turon Molina\",\"isPartOf\":{\"@id\":\"https:\/\/estudiogayanituronmolina.com\/#website\"},\"datePublished\":\"2022-09-27T15:26:42+00:00\",\"dateModified\":\"2023-02-06T13:45:58+00:00\",\"breadcrumb\":{\"@id\":\"https:\/\/estudiogayanituronmolina.com\/index.php\/area-de-practicas\/#breadcrumb\"},\"inLanguage\":\"es-AR\",\"potentialAction\":[{\"@type\":\"ReadAction\",\"target\":[\"https:\/\/estudiogayanituronmolina.com\/index.php\/area-de-practicas\/\"]}]},{\"@type\":\"BreadcrumbList\",\"@id\":\"https:\/\/estudiogayanituronmolina.com\/index.php\/area-de-practicas\/#breadcrumb\",\"itemListElement\":[{\"@type\":\"ListItem\",\"position\":1,\"name\":\"Inicio\",\"item\":\"https:\/\/estudiogayanituronmolina.com\/\"},{\"@type\":\"ListItem\",\"position\":2,\"name\":\"\u00c1rea de practicas\"}]},{\"@type\":\"WebSite\",\"@id\":\"https:\/\/estudiogayanituronmolina.com\/#website\",\"url\":\"https:\/\/estudiogayanituronmolina.com\/\",\"name\":\"Estudio Gayani & Turon Molina\",\"description\":\"Estudio Jur\u00eddico con amplia experiencia en el sector.\",\"publisher\":{\"@id\":\"https:\/\/estudiogayanituronmolina.com\/#organization\"},\"alternateName\":\"Estudio Gayani - Turon Molina\",\"potentialAction\":[{\"@type\":\"SearchAction\",\"target\":{\"@type\":\"EntryPoint\",\"urlTemplate\":\"https:\/\/estudiogayanituronmolina.com\/?s={search_term_string}\"},\"query-input\":\"required name=search_term_string\"}],\"inLanguage\":\"es-AR\"},{\"@type\":\"Organization\",\"@id\":\"https:\/\/estudiogayanituronmolina.com\/#organization\",\"name\":\"Estudio Gayani & Turon Molina\",\"url\":\"https:\/\/estudiogayanituronmolina.com\/\",\"logo\":{\"@type\":\"ImageObject\",\"inLanguage\":\"es-AR\",\"@id\":\"https:\/\/estudiogayanituronmolina.com\/#\/schema\/logo\/image\/\",\"url\":\"https:\/\/estudiogayanituronmolina.com\/wp-content\/uploads\/2022\/09\/logo-gayani-turon-molina-ultimo1.jpg\",\"contentUrl\":\"https:\/\/estudiogayanituronmolina.com\/wp-content\/uploads\/2022\/09\/logo-gayani-turon-molina-ultimo1.jpg\",\"width\":1654,\"height\":634,\"caption\":\"Estudio Gayani & Turon Molina\"},\"image\":{\"@id\":\"https:\/\/estudiogayanituronmolina.com\/#\/schema\/logo\/image\/\"}}]}<\/script>\n<!-- \/ Yoast SEO plugin. -->","yoast_head_json":{"title":"\u00c1rea de practicas - Estudio Gayani &amp; Turon Molina","robots":{"index":"index","follow":"follow","max-snippet":"max-snippet:-1","max-image-preview":"max-image-preview:large","max-video-preview":"max-video-preview:-1"},"canonical":"https:\/\/estudiogayanituronmolina.com\/index.php\/area-de-practicas\/","og_locale":"es_ES","og_type":"article","og_title":"\u00c1rea de practicas - Estudio Gayani &amp; Turon Molina","og_description":"\u00c1rea de practicas\u00a0 &nbsp;Derecho LaboralBrindamos servicios altamente especializados en Derecho Laboral. Asistimos a nuestros clientes, sean empresas o personas humanas, en todos los aspectos que hacen al Derecho del Trabajo brindando asesoramiento preventivo y eficaz, gestionando distintos niveles de negociaci\u00f3n y mediante la representaci\u00f3n procesal en materia contenciosa (litigios) priorizando la b\u00fasqueda de soluciones al [&hellip;]","og_url":"https:\/\/estudiogayanituronmolina.com\/index.php\/area-de-practicas\/","og_site_name":"Estudio Gayani &amp; Turon Molina","article_modified_time":"2023-02-06T13:45:58+00:00","og_image":[{"width":1600,"height":1200,"url":"https:\/\/estudiogayanituronmolina.com\/wp-content\/uploads\/2023\/02\/socios.jpg","type":"image\/jpeg"}],"twitter_card":"summary_large_image","schema":{"@context":"https:\/\/schema.org","@graph":[{"@type":"WebPage","@id":"https:\/\/estudiogayanituronmolina.com\/index.php\/area-de-practicas\/","url":"https:\/\/estudiogayanituronmolina.com\/index.php\/area-de-practicas\/","name":"\u00c1rea de practicas - Estudio Gayani &amp; Turon Molina","isPartOf":{"@id":"https:\/\/estudiogayanituronmolina.com\/#website"},"datePublished":"2022-09-27T15:26:42+00:00","dateModified":"2023-02-06T13:45:58+00:00","breadcrumb":{"@id":"https:\/\/estudiogayanituronmolina.com\/index.php\/area-de-practicas\/#breadcrumb"},"inLanguage":"es-AR","potentialAction":[{"@type":"ReadAction","target":["https:\/\/estudiogayanituronmolina.com\/index.php\/area-de-practicas\/"]}]},{"@type":"BreadcrumbList","@id":"https:\/\/estudiogayanituronmolina.com\/index.php\/area-de-practicas\/#breadcrumb","itemListElement":[{"@type":"ListItem","position":1,"name":"Inicio","item":"https:\/\/estudiogayanituronmolina.com\/"},{"@type":"ListItem","position":2,"name":"\u00c1rea de practicas"}]},{"@type":"WebSite","@id":"https:\/\/estudiogayanituronmolina.com\/#website","url":"https:\/\/estudiogayanituronmolina.com\/","name":"Estudio Gayani & Turon Molina","description":"Estudio Jur\u00eddico con amplia experiencia en el sector.","publisher":{"@id":"https:\/\/estudiogayanituronmolina.com\/#organization"},"alternateName":"Estudio Gayani - Turon Molina","potentialAction":[{"@type":"SearchAction","target":{"@type":"EntryPoint","urlTemplate":"https:\/\/estudiogayanituronmolina.com\/?s={search_term_string}"},"query-input":"required name=search_term_string"}],"inLanguage":"es-AR"},{"@type":"Organization","@id":"https:\/\/estudiogayanituronmolina.com\/#organization","name":"Estudio Gayani & Turon Molina","url":"https:\/\/estudiogayanituronmolina.com\/","logo":{"@type":"ImageObject","inLanguage":"es-AR","@id":"https:\/\/estudiogayanituronmolina.com\/#\/schema\/logo\/image\/","url":"https:\/\/estudiogayanituronmolina.com\/wp-content\/uploads\/2022\/09\/logo-gayani-turon-molina-ultimo1.jpg","contentUrl":"https:\/\/estudiogayanituronmolina.com\/wp-content\/uploads\/2022\/09\/logo-gayani-turon-molina-ultimo1.jpg","width":1654,"height":634,"caption":"Estudio Gayani & Turon Molina"},"image":{"@id":"https:\/\/estudiogayanituronmolina.com\/#\/schema\/logo\/image\/"}}]}},"_links":{"self":[{"href":"https:\/\/estudiogayanituronmolina.com\/index.php\/wp-json\/wp\/v2\/pages\/89"}],"collection":[{"href":"https:\/\/estudiogayanituronmolina.com\/index.php\/wp-json\/wp\/v2\/pages"}],"about":[{"href":"https:\/\/estudiogayanituronmolina.com\/index.php\/wp-json\/wp\/v2\/types\/page"}],"author":[{"embeddable":true,"href":"https:\/\/estudiogayanituronmolina.com\/index.php\/wp-json\/wp\/v2\/users\/1"}],"replies":[{"embeddable":true,"href":"https:\/\/estudiogayanituronmolina.com\/index.php\/wp-json\/wp\/v2\/comments?post=89"}],"version-history":[{"count":13,"href":"https:\/\/estudiogayanituronmolina.com\/index.php\/wp-json\/wp\/v2\/pages\/89\/revisions"}],"predecessor-version":[{"id":198,"href":"https:\/\/estudiogayanituronmolina.com\/index.php\/wp-json\/wp\/v2\/pages\/89\/revisions\/198"}],"wp:attachment":[{"href":"https:\/\/estudiogayanituronmolina.com\/index.php\/wp-json\/wp\/v2\/media?parent=89"}],"curies":[{"name":"wp","href":"https:\/\/api.w.org\/{rel}","templated":true}]}}